{"id":414,"date":"2019-04-01T12:08:58","date_gmt":"2019-04-01T12:08:58","guid":{"rendered":"https:\/\/djl.onlineskills.nl\/home\/"},"modified":"2025-07-29T12:39:05","modified_gmt":"2025-07-29T10:39:05","slug":"home","status":"publish","type":"page","link":"https:\/\/dejonglelies.nl\/es\/","title":{"rendered":"Inicio"},"content":{"rendered":"<div class=\"wpb-content-wrapper\"><p>[vc_row full_width=\u00bbstretch_row\u00bb video_bg=\u00bbyes\u00bb video_bg_url=\u00bbhttps:\/\/www.youtube.com\/watch?v=Rfl_OfcIz24&#8243; overlay=\u00bb\u00bb css=\u00bb.vc_custom_1746177335017{padding-top: 190px !important;padding-bottom: 210px !important;background-position: 0 0 !important;background-repeat: no-repeat !important;}\u00bb][vc_column width=\u00bb1\/3&#8243; css=\u00bb.vc_custom_1746177359926{padding-top: 20px !important;padding-right: 20px !important;padding-bottom: 20px !important;padding-left: 20px !important;background-color: #0000008C !important;}\u00bb]\n            <div class=\"heading\">\n                <h3 class=\"text-white\"><\/h3>\n                <h2 class=\"text-white\">De Jong Lelies Breeding and wholesale of lilies.<\/h2>\n            <\/div>\n        [vc_column_text el_class=\u00bbtext-white\u00bb]De Jong Lelies Holland BV es una empresa l\u00edder especializada en todo lo que se refiere a lirios: desde el cultivo y la producci\u00f3n de bulbos (en Holanda y Nueva Zelanda) hasta la preparaci\u00f3n de los bulbos y comercio al por mayor internacional.[\/vc_column_text][vc_empty_space height=\u00bb40px\u00bb]\n            <div class=\"text-left\">\n                <a class=\"btn btn-primary text-white \" href=\"\/es\/sobre-nosotros\/\">\n                    Leer m\u00e1s\n                <\/a>\n            <\/div>\n        [\/vc_column][vc_column width=\u00bb1\/3&#8243;][\/vc_column][vc_column width=\u00bb1\/3&#8243;][\/vc_column][\/vc_row][vc_row full_width=\u00bbstretch_row_content_no_spaces\u00bb overlay=\u00bb\u00bb css=\u00bb.vc_custom_1553864987459{margin-top: -112px !important;margin-bottom: 0px !important;}\u00bb][vc_column width=\u00bb1\/3&#8243;]\n            <div class=\"call-to-action blauw-4\">\n                <a href=\"\/es\/fitomejoramiento\/\">\n                    <h4>De Jong Lelies<\/h4>\n                    <h3>Fitomejoramiento<\/h3>\n                <\/a>\n            <\/div>\n        [\/vc_column][vc_column width=\u00bb1\/3&#8243;]\n            <div class=\"call-to-action blauw-3\">\n                <a href=\"\/es\/cultivars\/\">\n                    <h4>Nuestros cultivares<\/h4>\n                    <h3>Cultivo<\/h3>\n                <\/a>\n            <\/div>\n        [\/vc_column][vc_column width=\u00bb1\/3&#8243;]\n            <div class=\"call-to-action blauw-2\">\n                <a href=\"\/es\/export\/\">\n                    <h4>De Jong Lelies<\/h4>\n                    <h3>Exportaci\u00f3n<\/h3>\n                <\/a>\n            <\/div>\n        [\/vc_column][\/vc_row][vc_row full_width=\u00bbstretch_row\u00bb parallax=\u00bbcontent-moving\u00bb overlay=\u00bboverlay\u00bb type=\u00bbfull_width_content\u00bb css=\u00bb.vc_custom_1746177442950{padding-top: 190px !important;padding-bottom: 160px !important;background-image: url(https:\/\/dejonglelies.nl\/wp-content\/uploads\/2025\/05\/Madonna-Lily.webp?id=19203) !important;background-position: 0 0;background-repeat: no-repeat !important;}\u00bb][vc_column width=\u00bb1\/2&#8243;]\n            <div class=\"heading\">\n                <h3 class=\"text-white\">El programa de cr\u00eda De Jong Lelies.<\/h3>\n                <h2 class=\"text-white\">Yellow Diamond, Zanella y White Spear son cultivares conocidos de DJL.<\/h2>\n            <\/div>\n        [vc_empty_space height=\u00bb40px\u00bb]\n            <div class=\"text-left\">\n                <a class=\"btn btn-primary text-white \" href=\"\/es\/sobre-nosotros\/\">\n                    Leer m\u00e1s\n                <\/a>\n            <\/div>\n        [\/vc_column][vc_column width=\u00bb1\/2&#8243;][\/vc_column][\/vc_row][vc_row full_width=\u00bbstretch_row\u00bb overlay=\u00bb\u00bb css=\u00bb.vc_custom_1553865494206{background-position: center !important;background-repeat: no-repeat !important;background-size: cover !important;}\u00bb][vc_column width=\u00bb1\/2&#8243;][vc_empty_space height=\u00bb60px\u00bb]\n            <div class=\"heading\">\n                <h3 class=\"\">Nuestros cultivares<\/h3>\n                <h2 class=\"\">De Jong Lelies gama de cr\u00eda y exportaci\u00f3n.<\/h2>\n            <\/div>\n        [vc_empty_space height=\u00bb60px\u00bb][\/vc_column][vc_column width=\u00bb1\/2&#8243;][\/vc_column][\/vc_row][vc_row full_width=\u00bbstretch_row_content_no_spaces\u00bb content_placement=\u00bbmiddle\u00bb][vc_column width=\u00bb1\/2&#8243; css=\u00bb.vc_custom_1553524660285{padding-right: 50px !important;}\u00bb el_class=\u00bbno-padding\u00bb]\n            <a class=\"link-block wow animated fadeInUp \" href=\"\/es\/cultivars\/assortiment\/asiaticos\/\">\n                Asiaticos\n                <div class=\"\"><\/div>\n                <div class=\"thumb\" style=\"background-image: url(https:\/\/dejonglelies.nl\/wp-content\/uploads\/2019\/04\/Aziaten.jpg);\"><\/div>\n            <\/a>\n        [\/vc_column][vc_column width=\u00bb1\/2&#8243; css=\u00bb.vc_custom_1553524664466{padding-left: 50px !important;}\u00bb el_class=\u00bbno-padding\u00bb]\n            <a class=\"link-block wow animated fadeInUp link-block-small\" href=\"\/es\/cultivars\/assortiment\/orientales\/\">\n                Orientales\n                <div class=\"\"><\/div>\n                <div class=\"thumb\" style=\"background-image: url(https:\/\/dejonglelies.nl\/wp-content\/uploads\/2019\/03\/2.jpg);\"><\/div>\n            <\/a>\n        [\/vc_column][\/vc_row][vc_row full_width=\u00bbstretch_row_content_no_spaces\u00bb content_placement=\u00bbmiddle\u00bb][vc_column width=\u00bb1\/2&#8243; css=\u00bb.vc_custom_1553524673774{padding-right: 50px !important;}\u00bb el_class=\u00bbno-padding\u00bb]\n            <a class=\"link-block wow animated fadeInUp link-block-small\" href=\"\/es\/cultivars\/assortiment\/hibridos-la\/\">\n                Hibridos LA\n                <div class=\"\"><\/div>\n                <div class=\"thumb\" style=\"background-image: url(https:\/\/dejonglelies.nl\/wp-content\/uploads\/2019\/04\/5.jpg);\"><\/div>\n            <\/a>\n        [\/vc_column][vc_column width=\u00bb1\/2&#8243; css=\u00bb.vc_custom_1553524669352{padding-left: 50px !important;}\u00bb el_class=\u00bbno-padding\u00bb]\n            <a class=\"link-block wow animated fadeInUp \" href=\"\/es\/cultivars\/assortiment\/hibridos-ot\/\">\n                Hibridos OT\n                <div class=\"\"><\/div>\n                <div class=\"thumb\" style=\"background-image: url(https:\/\/dejonglelies.nl\/wp-content\/uploads\/2019\/04\/4-1.jpg);\"><\/div>\n            <\/a>\n        [\/vc_column][\/vc_row][vc_row full_width=\u00bbstretch_row_content_no_spaces\u00bb content_placement=\u00bbmiddle\u00bb][vc_column width=\u00bb1\/2&#8243; css=\u00bb.vc_custom_1553524680085{padding-right: 50px !important;}\u00bb el_class=\u00bbno-padding\u00bb]\n            <a class=\"link-block wow animated fadeInUp \" href=\"\/es\/cultivars\/assortiment\/doble-oriental\/\">\n                Doble Oriental\n                <div class=\"\"><\/div>\n                <div class=\"thumb\" style=\"background-image: url(https:\/\/dejonglelies.nl\/wp-content\/uploads\/2019\/05\/Oriental-dub-2.jpg);\"><\/div>\n            <\/a>\n        [\/vc_column][vc_column width=\u00bb1\/2&#8243; css=\u00bb.vc_custom_1553524683783{padding-left: 50px !important;}\u00bb el_class=\u00bbno-padding\u00bb]\n            <a class=\"link-block wow animated fadeInUp link-block-small\" href=\"\/es\/cultivars\/assortiment\/asiaticos-maceta\/\">\n                Asiaticos maceta\n                <div class=\"\"><\/div>\n                <div class=\"thumb\" style=\"background-image: url(https:\/\/dejonglelies.nl\/wp-content\/uploads\/2019\/05\/Pot-Aziaat-2.jpg);\"><\/div>\n            <\/a>\n        [\/vc_column][\/vc_row][vc_row full_width=\u00bbstretch_row_content_no_spaces\u00bb content_placement=\u00bbmiddle\u00bb][vc_column width=\u00bb1\/2&#8243; css=\u00bb.vc_custom_1553524680085{padding-right: 50px !important;}\u00bb el_class=\u00bbno-padding\u00bb][\/vc_column][vc_column width=\u00bb1\/2&#8243; css=\u00bb.vc_custom_1553524683783{padding-left: 50px !important;}\u00bb el_class=\u00bbno-padding\u00bb]\n            <a class=\"link-block wow animated fadeInUp \" href=\"\/es\/cultivars\/assortiment\/orientales-maceta\/\">\n                Orientales maceta\n                <div class=\"\"><\/div>\n                <div class=\"thumb\" style=\"background-image: url(https:\/\/dejonglelies.nl\/wp-content\/uploads\/2019\/05\/Pot-Oriental-4.jpg);\"><\/div>\n            <\/a>\n        [\/vc_column][\/vc_row][vc_row content_placement=\u00bbmiddle\u00bb][vc_column][vc_empty_space height=\u00bb40px\u00bb]\n            <div class=\"text-center\">\n                <a class=\"btn btn-primary  \" href=\"\/es\/cultivars\/\">\n                    Mostrar toda la gama DJL\n                <\/a>\n            <\/div>\n        [vc_empty_space height=\u00bb40px\u00bb][\/vc_column][\/vc_row][vc_row overlay=\u00bb\u00bb css=\u00bb.vc_custom_1671799943440{margin-bottom: 100px !important;background-image: url(https:\/\/dejonglelies.nl\/wp-content\/uploads\/2019\/03\/bg-world.jpg?id=11722) !important;background-position: center !important;background-repeat: no-repeat !important;background-size: cover !important;}\u00bb][vc_column][vc_row_inner css=\u00bb.vc_custom_1553182805974{padding-top: 150px !important;padding-bottom: 100px !important;}\u00bb][vc_column_inner width=\u00bb1\/2&#8243;][\/vc_column_inner][vc_column_inner width=\u00bb1\/2&#8243;][vc_column_text]<\/p>\n<h2>Todo el surtido disponible en el mercado de las bombillas.<\/h2>\n<p>[\/vc_column_text][\/vc_column_inner][\/vc_row_inner][vc_row_inner][vc_column_inner width=\u00bb1\/6&#8243;][\/vc_column_inner][vc_column_inner width=\u00bb2\/3&#8243;][vc_column_text]De Jong Lelies Holland BV es una empresa l\u00edder especializada en todo lo que se refiere a lirios: desde el cultivo y la producci\u00f3n de bulbos (en Holanda y Nueva Zelanda) hasta la preparaci\u00f3n de los bulbos y comercio al por mayor internacional.<\/p>\n<p>Adem\u00e1s de nuestras propias variedades \u201cDe Jong\u201d, comercializamos todo el surtido de Asi\u00e1ticos, LA, Orientales, OT, LO y longiflorum disponibles en el mercado de los bulbos. Desde hace 50 a\u00f1os, exportamos desde nuestras instalaciones en Andijk, Holanda, una buena calidad de bulbos de lirios a floricultores e importadores de bulbos en m\u00e1s de 40 paises de todo el mundo.<\/p>\n<p>[\/vc_column_text][vc_empty_space height=\u00bb40px\u00bb]\n            <div class=\"text-center\">\n                <a class=\"btn btn-primary  \" href=\"\/es\/sobre-nosotros\/\">\n                    Leer m\u00e1s\n                <\/a>\n            <\/div>\n        [\/vc_column_inner][vc_column_inner width=\u00bb1\/6&#8243;][\/vc_column_inner][\/vc_row_inner][\/vc_column][\/vc_row][vc_row full_width=\u00bbstretch_row_content_no_spaces\u00bb parallax=\u00bbcontent-moving\u00bb overlay=\u00bboverlay\u00bb css=\u00bb.vc_custom_1746177745338{padding-top: 150px !important;padding-bottom: 150px !important;background-image: url(https:\/\/dejonglelies.nl\/wp-content\/uploads\/2025\/05\/191031_123-2.png?id=19011) !important;background-position: 0 0;background-repeat: no-repeat !important;}\u00bb][vc_column][vc_row_inner css=\u00bb.vc_custom_1553183156857{padding-top: 60px !important;padding-bottom: 60px !important;}\u00bb][vc_column_inner el_class=\u00bbno-padding\u00bb width=\u00bb1\/2&#8243; css=\u00bb.vc_custom_1553865571418{padding-left: 40% !important;}\u00bb]\n            <div class=\"heading\">\n                <h3 class=\"text-white\"><\/h3>\n                <h2 class=\"text-white\">M\u00e1s de 50 a\u00f1os de experiencia en la exportaci\u00f3n de bulbos de lirio de alta calidad.<\/h2>\n            <\/div>\n        [\/vc_column_inner][vc_column_inner width=\u00bb1\/2&#8243;][\/vc_column_inner][\/vc_row_inner][vc_row_inner][vc_column_inner width=\u00bb1\/2&#8243;][\/vc_column_inner][vc_column_inner width=\u00bb1\/2&#8243;]\n            <div class=\"call-to-action blauw-4\">\n                <a href=\"\/es\/sobre-nosotros\/\">\n                    <h4>Sobre nosotros<\/h4>\n                    <h3>Cooperacion<\/h3>\n                <\/a>\n            <\/div>\n        [\/vc_column_inner][\/vc_row_inner][\/vc_column][\/vc_row][vc_row][vc_column]\n            <div class=\"heading\">\n                <h3 class=\"\"><\/h3>\n                <h2 class=\"\">La valoraci\u00f3n de nuestros clientes, en todo el mundo<\/h2>\n            <\/div>\n        [vc_column_text css=\u00bb.vc_custom_1753779320622{margin-top: 50px !important;}\u00bb][trustindex no-registration=google][\/vc_column_text][\/vc_column][\/vc_row]<\/p>\n<\/div>","protected":false},"excerpt":{"rendered":"<p>[vc_row full_width=\u00bbstretch_row\u00bb video_bg=\u00bbyes\u00bb video_bg_url=\u00bbhttps:\/\/www.youtube.com\/watch?v=Rfl_OfcIz24&#8243; overlay=\u00bb\u00bb css=\u00bb.vc_custom_1746177335017{padding-top: 190px !important;padding-bottom: 210px !important;background-position: 0 0 !important;background-repeat: no-repeat !important;}\u00bb][vc_column width=\u00bb1\/3&#8243; css=\u00bb.vc_custom_1746177359926{padding-top: 20px !important;padding-right: 20px !important;padding-bottom: 20px !important;padding-left: 20px !important;background-color: #0000008C !important;}\u00bb][vc_column_text el_class=\u00bbtext-white\u00bb]De Jong Lelies Holland BV es una empresa l\u00edder especializada en todo lo que se refiere a lirios: desde el cultivo y la producci\u00f3n de bulbos (en Holanda [&hellip;]<\/p>\n","protected":false},"author":4,"featured_media":0,"parent":0,"menu_order":0,"comment_status":"closed","ping_status":"closed","template":"","meta":{"_acf_changed":false,"footnotes":""},"class_list":["post-414","page","type-page","status-publish","hentry"],"acf":[],"yoast_head":"<!-- This site is optimized with the Yoast SEO plugin v27.3 - https:\/\/yoast.com\/product\/yoast-seo-wordpress\/ -->\n<title>Inicio - De Jong Lelies<\/title>\n<meta name=\"robots\" content=\"index, follow, max-snippet:-1, max-image-preview:large, max-video-preview:-1\" \/>\n<link rel=\"canonical\" href=\"https:\/\/dejonglelies.nl\/es\/\" \/>\n<meta property=\"og:locale\" content=\"es_ES\" \/>\n<meta property=\"og:type\" content=\"article\" \/>\n<meta property=\"og:title\" content=\"Inicio - De Jong Lelies\" \/>\n<meta property=\"og:description\" content=\"[vc_row full_width=\u00bbstretch_row\u00bb video_bg=\u00bbyes\u00bb video_bg_url=\u00bbhttps:\/\/www.youtube.com\/watch?v=Rfl_OfcIz24&#8243; overlay=\u00bb\u00bb css=\u00bb.vc_custom_1746177335017{padding-top: 190px !important;padding-bottom: 210px !important;background-position: 0 0 !important;background-repeat: no-repeat !important;}\u00bb][vc_column width=\u00bb1\/3&#8243; css=\u00bb.vc_custom_1746177359926{padding-top: 20px !important;padding-right: 20px !important;padding-bottom: 20px !important;padding-left: 20px !important;background-color: #0000008C !important;}\u00bb][vc_column_text el_class=\u00bbtext-white\u00bb]De Jong Lelies Holland BV es una empresa l\u00edder especializada en todo lo que se refiere a lirios: desde el cultivo y la producci\u00f3n de bulbos (en Holanda [&hellip;]\" \/>\n<meta property=\"og:url\" content=\"https:\/\/dejonglelies.nl\/es\/\" \/>\n<meta property=\"og:site_name\" content=\"De Jong Lelies\" \/>\n<meta property=\"article:modified_time\" content=\"2025-07-29T10:39:05+00:00\" \/>\n<meta name=\"twitter:card\" content=\"summary_large_image\" \/>\n<meta name=\"twitter:label1\" content=\"Tiempo de lectura\" \/>\n\t<meta name=\"twitter:data1\" content=\"4 minutos\" \/>\n<script type=\"application\/ld+json\" class=\"yoast-schema-graph\">{\"@context\":\"https:\\\/\\\/schema.org\",\"@graph\":[{\"@type\":\"WebPage\",\"@id\":\"https:\\\/\\\/dejonglelies.nl\\\/es\\\/\",\"url\":\"https:\\\/\\\/dejonglelies.nl\\\/es\\\/\",\"name\":\"Inicio - De Jong Lelies\",\"isPartOf\":{\"@id\":\"https:\\\/\\\/dejonglelies.nl\\\/#website\"},\"datePublished\":\"2019-04-01T12:08:58+00:00\",\"dateModified\":\"2025-07-29T10:39:05+00:00\",\"breadcrumb\":{\"@id\":\"https:\\\/\\\/dejonglelies.nl\\\/es\\\/#breadcrumb\"},\"inLanguage\":\"es\",\"potentialAction\":[{\"@type\":\"ReadAction\",\"target\":[\"https:\\\/\\\/dejonglelies.nl\\\/es\\\/\"]}]},{\"@type\":\"BreadcrumbList\",\"@id\":\"https:\\\/\\\/dejonglelies.nl\\\/es\\\/#breadcrumb\",\"itemListElement\":[{\"@type\":\"ListItem\",\"position\":1,\"name\":\"De vuelta a casa\",\"item\":\"https:\\\/\\\/dejonglelies.nl\\\/es\\\/\"},{\"@type\":\"ListItem\",\"position\":2,\"name\":\"Inicio\"}]},{\"@type\":\"WebSite\",\"@id\":\"https:\\\/\\\/dejonglelies.nl\\\/#website\",\"url\":\"https:\\\/\\\/dejonglelies.nl\\\/\",\"name\":\"De Jong Lelies\",\"description\":\"\",\"potentialAction\":[{\"@type\":\"SearchAction\",\"target\":{\"@type\":\"EntryPoint\",\"urlTemplate\":\"https:\\\/\\\/dejonglelies.nl\\\/?s={search_term_string}\"},\"query-input\":{\"@type\":\"PropertyValueSpecification\",\"valueRequired\":true,\"valueName\":\"search_term_string\"}}],\"inLanguage\":\"es\"}]}<\/script>\n<!-- \/ Yoast SEO plugin. -->","yoast_head_json":{"title":"Inicio - De Jong Lelies","robots":{"index":"index","follow":"follow","max-snippet":"max-snippet:-1","max-image-preview":"max-image-preview:large","max-video-preview":"max-video-preview:-1"},"canonical":"https:\/\/dejonglelies.nl\/es\/","og_locale":"es_ES","og_type":"article","og_title":"Inicio - De Jong Lelies","og_description":"[vc_row full_width=\u00bbstretch_row\u00bb video_bg=\u00bbyes\u00bb video_bg_url=\u00bbhttps:\/\/www.youtube.com\/watch?v=Rfl_OfcIz24&#8243; overlay=\u00bb\u00bb css=\u00bb.vc_custom_1746177335017{padding-top: 190px !important;padding-bottom: 210px !important;background-position: 0 0 !important;background-repeat: no-repeat !important;}\u00bb][vc_column width=\u00bb1\/3&#8243; css=\u00bb.vc_custom_1746177359926{padding-top: 20px !important;padding-right: 20px !important;padding-bottom: 20px !important;padding-left: 20px !important;background-color: #0000008C !important;}\u00bb][vc_column_text el_class=\u00bbtext-white\u00bb]De Jong Lelies Holland BV es una empresa l\u00edder especializada en todo lo que se refiere a lirios: desde el cultivo y la producci\u00f3n de bulbos (en Holanda [&hellip;]","og_url":"https:\/\/dejonglelies.nl\/es\/","og_site_name":"De Jong Lelies","article_modified_time":"2025-07-29T10:39:05+00:00","twitter_card":"summary_large_image","twitter_misc":{"Tiempo de lectura":"4 minutos"},"schema":{"@context":"https:\/\/schema.org","@graph":[{"@type":"WebPage","@id":"https:\/\/dejonglelies.nl\/es\/","url":"https:\/\/dejonglelies.nl\/es\/","name":"Inicio - De Jong Lelies","isPartOf":{"@id":"https:\/\/dejonglelies.nl\/#website"},"datePublished":"2019-04-01T12:08:58+00:00","dateModified":"2025-07-29T10:39:05+00:00","breadcrumb":{"@id":"https:\/\/dejonglelies.nl\/es\/#breadcrumb"},"inLanguage":"es","potentialAction":[{"@type":"ReadAction","target":["https:\/\/dejonglelies.nl\/es\/"]}]},{"@type":"BreadcrumbList","@id":"https:\/\/dejonglelies.nl\/es\/#breadcrumb","itemListElement":[{"@type":"ListItem","position":1,"name":"De vuelta a casa","item":"https:\/\/dejonglelies.nl\/es\/"},{"@type":"ListItem","position":2,"name":"Inicio"}]},{"@type":"WebSite","@id":"https:\/\/dejonglelies.nl\/#website","url":"https:\/\/dejonglelies.nl\/","name":"De Jong Lelies","description":"","potentialAction":[{"@type":"SearchAction","target":{"@type":"EntryPoint","urlTemplate":"https:\/\/dejonglelies.nl\/?s={search_term_string}"},"query-input":{"@type":"PropertyValueSpecification","valueRequired":true,"valueName":"search_term_string"}}],"inLanguage":"es"}]}},"_links":{"self":[{"href":"https:\/\/dejonglelies.nl\/es\/wp-json\/wp\/v2\/pages\/414","targetHints":{"allow":["GET"]}}],"collection":[{"href":"https:\/\/dejonglelies.nl\/es\/wp-json\/wp\/v2\/pages"}],"about":[{"href":"https:\/\/dejonglelies.nl\/es\/wp-json\/wp\/v2\/types\/page"}],"author":[{"embeddable":true,"href":"https:\/\/dejonglelies.nl\/es\/wp-json\/wp\/v2\/users\/4"}],"replies":[{"embeddable":true,"href":"https:\/\/dejonglelies.nl\/es\/wp-json\/wp\/v2\/comments?post=414"}],"version-history":[{"count":33,"href":"https:\/\/dejonglelies.nl\/es\/wp-json\/wp\/v2\/pages\/414\/revisions"}],"predecessor-version":[{"id":21265,"href":"https:\/\/dejonglelies.nl\/es\/wp-json\/wp\/v2\/pages\/414\/revisions\/21265"}],"wp:attachment":[{"href":"https:\/\/dejonglelies.nl\/es\/wp-json\/wp\/v2\/media?parent=414"}],"curies":[{"name":"wp","href":"https:\/\/api.w.org\/{rel}","templated":true}]}}