{"id":386,"date":"2019-03-18T14:57:56","date_gmt":"2019-03-18T14:57:56","guid":{"rendered":"https:\/\/djl.onlineskills.nl\/over-ons\/"},"modified":"2025-05-02T13:51:09","modified_gmt":"2025-05-02T11:51:09","slug":"sobre-nosotros","status":"publish","type":"page","link":"https:\/\/dejonglelies.nl\/es\/sobre-nosotros\/","title":{"rendered":"Sobre nosotros"},"content":{"rendered":"<div class=\"wpb-content-wrapper\"><p>[vc_row full_width=\u00bbstretch_row\u00bb parallax=\u00bbcontent-moving\u00bb overlay=\u00bboverlay\u00bb css=\u00bb.vc_custom_1746177899156{padding-top: 260px !important;padding-bottom: 150px !important;background-image: url(https:\/\/dejonglelies.nl\/wp-content\/uploads\/2025\/05\/191031_26.jpg?id=19024) !important;background-position: center;background-repeat: no-repeat !important;background-size: cover !important;}\u00bb][vc_column width=\u00bb1\/3&#8243;]\n            <div class=\"heading\">\n                <h3 class=\"text-white\">Acerca de nosotros<\/h3>\n                <h2 class=\"text-white\">Yellow Diamond, Zanella y White Spear son cultivares conocidos de DJL.<\/h2>\n            <\/div>\n        [\/vc_column][vc_column width=\u00bb1\/3&#8243;][\/vc_column][vc_column width=\u00bb1\/3&#8243;][\/vc_column][\/vc_row][vc_row css=\u00bb.vc_custom_1553855234013{padding-top: 100px !important;padding-bottom: 100px !important;}\u00bb][vc_column width=\u00bb1\/2&#8243;]\n            <div class=\"heading\">\n                <h3 class=\"\">Experimenta con las posibilidades.<\/h3>\n                <h2 class=\"\">Se\u00f1or Klaas de Jong, un pionero en el campo de los lirios en los Pa\u00edses Bajos.<\/h2>\n            <\/div>\n        [\/vc_column][vc_column width=\u00bb1\/2&#8243;][\/vc_column][\/vc_row][vc_row full_width=\u00bbstretch_row_content_no_spaces\u00bb content_placement=\u00bbtop\u00bb][vc_column width=\u00bb1\/2&#8243; css=\u00bb.vc_custom_1553524660285{padding-right: 50px !important;}\u00bb el_class=\u00bbno-padding\u00bb]\n                <div class=\"link-block wow animated fadeInUp \">\n                    Pionero\n                    <div class=\"overlay\"><\/div>\n                    <div class=\"thumb\" style=\"background-image: url(https:\/\/dejonglelies.nl\/wp-content\/uploads\/2025\/05\/OprichterDeJongLelies-scan600dpi-scaled-e1746098922801.jpg);\"><\/div>\n                <\/div>\n            [\/vc_column][vc_column width=\u00bb1\/2&#8243; css=\u00bb.vc_custom_1553524664466{padding-left: 50px !important;}\u00bb el_class=\u00bbno-padding\u00bb][vc_column_text css=\u00bb.vc_custom_1554195675456{margin-bottom: 50px !important;padding-right: 20% !important;}\u00bb]De Jong Lelies est\u00e1 situado en Andijk (Holanda) y desde hace m\u00e1s de 50 a\u00f1os es l\u00edder en exportaciones a nivel mundial. La empresa est\u00e1 especializada en el cultivo y comercio de lirios.[\/vc_column_text]\n                <div class=\"link-block wow animated fadeInUp \">\n                    Cooperacion\n                    <div class=\"overlay\"><\/div>\n                    <div class=\"thumb\" style=\"background-image: url(https:\/\/dejonglelies.nl\/wp-content\/uploads\/2025\/05\/191031_55-scaled-e1746098735925.jpg);\"><\/div>\n                <\/div>\n            [vc_column_text css=\u00bb.vc_custom_1554195682237{margin-top: 50px !important;margin-bottom: 50px !important;padding-right: 20% !important;}\u00bb]Comercializamos una gran variedad de bulbos de nuestro surtido est\u00e1ndar, pero tambi\u00e9n le podemos ofrecer otras variedades exclusivas que hemos desarrollado con nuestro propio programa de cultivo.[\/vc_column_text][\/vc_column][\/vc_row][vc_row full_width=\u00bbstretch_row\u00bb css=\u00bb.vc_custom_1553853698371{background: #3a5998 url(https:\/\/djl.onlineskills.nl\/wp-content\/uploads\/2019\/03\/bg-logo.svg?id=275) !important;background-position: 0 0 !important;background-repeat: no-repeat !important;}\u00bb][vc_column width=\u00bb1\/2&#8243;][vc_empty_space height=\u00bb150px\u00bb]\n            <div class=\"heading\">\n                <h3 class=\"text-white\">El experto en lirios integral.<\/h3>\n                <h2 class=\"text-white\">El surtido comercial completo disponible en el mercado de bulbos.<\/h2>\n            <\/div>\n        \n            <div class=\"text-left\">\n                <a class=\"btn btn-primary text-white \" href=\"\/es\/variedades\/\">\n                    DJL Surtido\n                <\/a>\n            <\/div>\n        [vc_empty_space height=\u00bb150px\u00bb][\/vc_column][vc_column width=\u00bb1\/2&#8243;][vc_column_text css_animation=\u00bbfadeInDown\u00bb css=\u00bb\u00bb]<img loading=\"lazy\" decoding=\"async\" class=\"alignnone wp-image-19325 size-large\" src=\"https:\/\/dejonglelies.nl\/wp-content\/uploads\/2025\/05\/lelies-575x1024.png\" alt=\"\" width=\"575\" height=\"1024\" srcset=\"https:\/\/dejonglelies.nl\/wp-content\/uploads\/2025\/05\/lelies-575x1024.png 575w, https:\/\/dejonglelies.nl\/wp-content\/uploads\/2025\/05\/lelies-168x300.png 168w, https:\/\/dejonglelies.nl\/wp-content\/uploads\/2025\/05\/lelies-768x1368.png 768w, https:\/\/dejonglelies.nl\/wp-content\/uploads\/2025\/05\/lelies-862x1536.png 862w, https:\/\/dejonglelies.nl\/wp-content\/uploads\/2025\/05\/lelies-1150x2048.png 1150w, https:\/\/dejonglelies.nl\/wp-content\/uploads\/2025\/05\/lelies-scaled.png 1437w\" sizes=\"auto, (max-width: 575px) 100vw, 575px\" \/>[\/vc_column_text][\/vc_column][\/vc_row][vc_row css=\u00bb.vc_custom_1553854162262{padding-top: 100px !important;padding-bottom: 100px !important;}\u00bb][vc_column width=\u00bb1\/2&#8243;]\n            <div class=\"heading\">\n                <h3 class=\"\">De Jong Lelies<\/h3>\n                <h2 class=\"\">Especialista en todo lo que tenga que ver con los lirios.<\/h2>\n            <\/div>\n        [\/vc_column][vc_column width=\u00bb1\/2&#8243;][\/vc_column][\/vc_row][vc_row full_width=\u00bbstretch_row_content_no_spaces\u00bb content_placement=\u00bbtop\u00bb][vc_column width=\u00bb1\/2&#8243; css=\u00bb.vc_custom_1553524660285{padding-right: 50px !important;}\u00bb el_class=\u00bbno-padding\u00bb]\n                <div class=\"link-block wow animated fadeInUp \">\n                    Primeras actividades de cria\n                    <div class=\"overlay\"><\/div>\n                    <div class=\"thumb\" style=\"background-image: url(https:\/\/dejonglelies.nl\/wp-content\/uploads\/2025\/05\/DJL-Bedrijf-103-scaled.jpg);\"><\/div>\n                <\/div>\n            [\/vc_column][vc_column width=\u00bb1\/2&#8243; css=\u00bb.vc_custom_1553524664466{padding-left: 50px !important;}\u00bb el_class=\u00bbno-padding\u00bb][vc_column_text css=\u00bb.vc_custom_1554195693791{margin-bottom: 50px !important;padding-right: 20% !important;}\u00bb]Nuestros lirios provienen de viveros meticulosamente seleccionados. Adem\u00e1s, disponemos de un vivero moderno en Nueva Zelanda para suministrar a nuestros clientes de los mejores lirios durante todo el a\u00f1o.<\/p>\n<p>[\/vc_column_text]\n                <div class=\"link-block wow animated fadeInUp \">\n                    Especialista en lily\n                    <div class=\"overlay\"><\/div>\n                    <div class=\"thumb\" style=\"background-image: url(https:\/\/dejonglelies.nl\/wp-content\/uploads\/2025\/05\/DJL-Bedrijf-scaled.jpg);\"><\/div>\n                <\/div>\n            [\/vc_column][\/vc_row][vc_row full_width=\u00bbstretch_row\u00bb overlay=\u00bboverlay\u00bb css=\u00bb.vc_custom_1746178305475{margin-top: 50px !important;padding-top: 50px !important;padding-bottom: 300px !important;background-image: url(https:\/\/dejonglelies.nl\/wp-content\/uploads\/2025\/05\/Voorgevel-2-Large.jpg?id=19059) !important;background-position: center !important;background-repeat: no-repeat !important;background-size: cover !important;}\u00bb][vc_column width=\u00bb1\/2&#8243;]\n            <div class=\"heading\">\n                <h3 class=\"text-white\">Adquisici\u00f3n de De Jong Lelies<\/h3>\n                <h2 class=\"text-white\">La empresa fue desarrollada a\u00fan m\u00e1s.<\/h2>\n            <\/div>\n        [\/vc_column][vc_column width=\u00bb1\/2&#8243;][\/vc_column][\/vc_row][vc_row css=\u00bb.vc_custom_1553854946050{padding-top: 80px !important;padding-bottom: 80px !important;}\u00bb][vc_column width=\u00bb1\/2&#8243;][vc_column_text]El 5 de enero de 2014, mr. Kroezen muri\u00f3. El ha significado mucho para la forma actual de la compa\u00f1\u00eda y el crecimiento de los \u00faltimos a\u00f1os se debe en gran parte a sus esfuerzos. El cargo de director comercial ha sido asumido por Michiel Ruiter. Actualmente, la gerencia est\u00e1 a cargo de Wijnand van der Kooij, Remco van der Kooij y Michiel Ruiter.<\/p>\n<p>La clave de nuestro \u00e9xito radica en calidad, flexibilidad y una buena gerencia.<\/p>\n<p>[\/vc_column_text][\/vc_column][vc_column width=\u00bb1\/2&#8243;][\/vc_column][\/vc_row][vc_row full_width=\u00bbstretch_row_content_no_spaces\u00bb][vc_column width=\u00bb1\/3&#8243;][\/vc_column][vc_column width=\u00bb2\/3&#8243;]\n            <div class=\"call-to-action blauw-4\">\n                <a href=\"\/es\/contacto\/\">\n                    <h4>De Jong Lelies<\/h4>\n                    <h3>Contacto<\/h3>\n                <\/a>\n            <\/div>\n        [\/vc_column][\/vc_row]<\/p>\n<\/div>","protected":false},"excerpt":{"rendered":"<p>[vc_row full_width=\u00bbstretch_row\u00bb parallax=\u00bbcontent-moving\u00bb overlay=\u00bboverlay\u00bb css=\u00bb.vc_custom_1746177899156{padding-top: 260px !important;padding-bottom: 150px !important;background-image: url(https:\/\/dejonglelies.nl\/wp-content\/uploads\/2025\/05\/191031_26.jpg?id=19024) !important;background-position: center;background-repeat: no-repeat !important;background-size: cover !important;}\u00bb][vc_column width=\u00bb1\/3&#8243;][\/vc_column][vc_column width=\u00bb1\/3&#8243;][\/vc_column][vc_column width=\u00bb1\/3&#8243;][\/vc_column][\/vc_row][vc_row css=\u00bb.vc_custom_1553855234013{padding-top: 100px !important;padding-bottom: 100px !important;}\u00bb][vc_column width=\u00bb1\/2&#8243;][\/vc_column][vc_column width=\u00bb1\/2&#8243;][\/vc_column][\/vc_row][vc_row full_width=\u00bbstretch_row_content_no_spaces\u00bb content_placement=\u00bbtop\u00bb][vc_column width=\u00bb1\/2&#8243; css=\u00bb.vc_custom_1553524660285{padding-right: 50px !important;}\u00bb el_class=\u00bbno-padding\u00bb][\/vc_column][vc_column width=\u00bb1\/2&#8243; css=\u00bb.vc_custom_1553524664466{padding-left: 50px !important;}\u00bb el_class=\u00bbno-padding\u00bb][vc_column_text css=\u00bb.vc_custom_1554195675456{margin-bottom: 50px !important;padding-right: 20% !important;}\u00bb]De Jong Lelies est\u00e1 situado en Andijk (Holanda) y desde hace m\u00e1s de [&hellip;]<\/p>\n","protected":false},"author":4,"featured_media":0,"parent":0,"menu_order":0,"comment_status":"closed","ping_status":"closed","template":"","meta":{"_acf_changed":false,"footnotes":""},"class_list":["post-386","page","type-page","status-publish","hentry"],"acf":[],"yoast_head":"<!-- This site is optimized with the Yoast SEO plugin v27.3 - https:\/\/yoast.com\/product\/yoast-seo-wordpress\/ -->\n<title>Sobre nosotros - De Jong Lelies<\/title>\n<meta name=\"robots\" content=\"index, follow, max-snippet:-1, max-image-preview:large, max-video-preview:-1\" \/>\n<link rel=\"canonical\" href=\"https:\/\/www.dejonglelies.nl\/es\/sobre-nosotros\/\" \/>\n<meta property=\"og:locale\" content=\"es_ES\" \/>\n<meta property=\"og:type\" content=\"article\" \/>\n<meta property=\"og:title\" content=\"Sobre nosotros - De Jong Lelies\" \/>\n<meta property=\"og:description\" content=\"[vc_row full_width=\u00bbstretch_row\u00bb parallax=\u00bbcontent-moving\u00bb overlay=\u00bboverlay\u00bb css=\u00bb.vc_custom_1746177899156{padding-top: 260px !important;padding-bottom: 150px !important;background-image: url(https:\/\/dejonglelies.nl\/wp-content\/uploads\/2025\/05\/191031_26.jpg?id=19024) !important;background-position: center;background-repeat: no-repeat !important;background-size: cover !important;}\u00bb][vc_column width=\u00bb1\/3&#8243;][\/vc_column][vc_column width=\u00bb1\/3&#8243;][\/vc_column][vc_column width=\u00bb1\/3&#8243;][\/vc_column][\/vc_row][vc_row css=\u00bb.vc_custom_1553855234013{padding-top: 100px !important;padding-bottom: 100px !important;}\u00bb][vc_column width=\u00bb1\/2&#8243;][\/vc_column][vc_column width=\u00bb1\/2&#8243;][\/vc_column][\/vc_row][vc_row full_width=\u00bbstretch_row_content_no_spaces\u00bb content_placement=\u00bbtop\u00bb][vc_column width=\u00bb1\/2&#8243; css=\u00bb.vc_custom_1553524660285{padding-right: 50px !important;}\u00bb el_class=\u00bbno-padding\u00bb][\/vc_column][vc_column width=\u00bb1\/2&#8243; css=\u00bb.vc_custom_1553524664466{padding-left: 50px !important;}\u00bb el_class=\u00bbno-padding\u00bb][vc_column_text css=\u00bb.vc_custom_1554195675456{margin-bottom: 50px !important;padding-right: 20% !important;}\u00bb]De Jong Lelies est\u00e1 situado en Andijk (Holanda) y desde hace m\u00e1s de [&hellip;]\" \/>\n<meta property=\"og:url\" content=\"https:\/\/www.dejonglelies.nl\/es\/sobre-nosotros\/\" \/>\n<meta property=\"og:site_name\" content=\"De Jong Lelies\" \/>\n<meta property=\"article:modified_time\" content=\"2025-05-02T11:51:09+00:00\" \/>\n<meta property=\"og:image\" content=\"https:\/\/dejonglelies.nl\/wp-content\/uploads\/2025\/05\/lelies-575x1024.png\" \/>\n<meta name=\"twitter:card\" content=\"summary_large_image\" \/>\n<meta name=\"twitter:label1\" content=\"Tiempo de lectura\" \/>\n\t<meta name=\"twitter:data1\" content=\"3 minutos\" \/>\n<script type=\"application\/ld+json\" class=\"yoast-schema-graph\">{\"@context\":\"https:\\\/\\\/schema.org\",\"@graph\":[{\"@type\":\"WebPage\",\"@id\":\"https:\\\/\\\/www.dejonglelies.nl\\\/es\\\/sobre-nosotros\\\/\",\"url\":\"https:\\\/\\\/www.dejonglelies.nl\\\/es\\\/sobre-nosotros\\\/\",\"name\":\"Sobre nosotros - De Jong Lelies\",\"isPartOf\":{\"@id\":\"https:\\\/\\\/dejonglelies.nl\\\/#website\"},\"primaryImageOfPage\":{\"@id\":\"https:\\\/\\\/www.dejonglelies.nl\\\/es\\\/sobre-nosotros\\\/#primaryimage\"},\"image\":{\"@id\":\"https:\\\/\\\/www.dejonglelies.nl\\\/es\\\/sobre-nosotros\\\/#primaryimage\"},\"thumbnailUrl\":\"https:\\\/\\\/dejonglelies.nl\\\/wp-content\\\/uploads\\\/2025\\\/05\\\/lelies-575x1024.png\",\"datePublished\":\"2019-03-18T14:57:56+00:00\",\"dateModified\":\"2025-05-02T11:51:09+00:00\",\"breadcrumb\":{\"@id\":\"https:\\\/\\\/www.dejonglelies.nl\\\/es\\\/sobre-nosotros\\\/#breadcrumb\"},\"inLanguage\":\"es\",\"potentialAction\":[{\"@type\":\"ReadAction\",\"target\":[\"https:\\\/\\\/www.dejonglelies.nl\\\/es\\\/sobre-nosotros\\\/\"]}]},{\"@type\":\"ImageObject\",\"inLanguage\":\"es\",\"@id\":\"https:\\\/\\\/www.dejonglelies.nl\\\/es\\\/sobre-nosotros\\\/#primaryimage\",\"url\":\"https:\\\/\\\/dejonglelies.nl\\\/wp-content\\\/uploads\\\/2025\\\/05\\\/lelies-575x1024.png\",\"contentUrl\":\"https:\\\/\\\/dejonglelies.nl\\\/wp-content\\\/uploads\\\/2025\\\/05\\\/lelies-575x1024.png\"},{\"@type\":\"BreadcrumbList\",\"@id\":\"https:\\\/\\\/www.dejonglelies.nl\\\/es\\\/sobre-nosotros\\\/#breadcrumb\",\"itemListElement\":[{\"@type\":\"ListItem\",\"position\":1,\"name\":\"De vuelta a casa\",\"item\":\"https:\\\/\\\/dejonglelies.nl\\\/es\\\/\"},{\"@type\":\"ListItem\",\"position\":2,\"name\":\"Sobre nosotros\"}]},{\"@type\":\"WebSite\",\"@id\":\"https:\\\/\\\/dejonglelies.nl\\\/#website\",\"url\":\"https:\\\/\\\/dejonglelies.nl\\\/\",\"name\":\"De Jong Lelies\",\"description\":\"\",\"potentialAction\":[{\"@type\":\"SearchAction\",\"target\":{\"@type\":\"EntryPoint\",\"urlTemplate\":\"https:\\\/\\\/dejonglelies.nl\\\/?s={search_term_string}\"},\"query-input\":{\"@type\":\"PropertyValueSpecification\",\"valueRequired\":true,\"valueName\":\"search_term_string\"}}],\"inLanguage\":\"es\"}]}<\/script>\n<!-- \/ Yoast SEO plugin. -->","yoast_head_json":{"title":"Sobre nosotros - De Jong Lelies","robots":{"index":"index","follow":"follow","max-snippet":"max-snippet:-1","max-image-preview":"max-image-preview:large","max-video-preview":"max-video-preview:-1"},"canonical":"https:\/\/www.dejonglelies.nl\/es\/sobre-nosotros\/","og_locale":"es_ES","og_type":"article","og_title":"Sobre nosotros - De Jong Lelies","og_description":"[vc_row full_width=\u00bbstretch_row\u00bb parallax=\u00bbcontent-moving\u00bb overlay=\u00bboverlay\u00bb css=\u00bb.vc_custom_1746177899156{padding-top: 260px !important;padding-bottom: 150px !important;background-image: url(https:\/\/dejonglelies.nl\/wp-content\/uploads\/2025\/05\/191031_26.jpg?id=19024) !important;background-position: center;background-repeat: no-repeat !important;background-size: cover !important;}\u00bb][vc_column width=\u00bb1\/3&#8243;][\/vc_column][vc_column width=\u00bb1\/3&#8243;][\/vc_column][vc_column width=\u00bb1\/3&#8243;][\/vc_column][\/vc_row][vc_row css=\u00bb.vc_custom_1553855234013{padding-top: 100px !important;padding-bottom: 100px !important;}\u00bb][vc_column width=\u00bb1\/2&#8243;][\/vc_column][vc_column width=\u00bb1\/2&#8243;][\/vc_column][\/vc_row][vc_row full_width=\u00bbstretch_row_content_no_spaces\u00bb content_placement=\u00bbtop\u00bb][vc_column width=\u00bb1\/2&#8243; css=\u00bb.vc_custom_1553524660285{padding-right: 50px !important;}\u00bb el_class=\u00bbno-padding\u00bb][\/vc_column][vc_column width=\u00bb1\/2&#8243; css=\u00bb.vc_custom_1553524664466{padding-left: 50px !important;}\u00bb el_class=\u00bbno-padding\u00bb][vc_column_text css=\u00bb.vc_custom_1554195675456{margin-bottom: 50px !important;padding-right: 20% !important;}\u00bb]De Jong Lelies est\u00e1 situado en Andijk (Holanda) y desde hace m\u00e1s de [&hellip;]","og_url":"https:\/\/www.dejonglelies.nl\/es\/sobre-nosotros\/","og_site_name":"De Jong Lelies","article_modified_time":"2025-05-02T11:51:09+00:00","og_image":[{"url":"https:\/\/dejonglelies.nl\/wp-content\/uploads\/2025\/05\/lelies-575x1024.png","type":"","width":"","height":""}],"twitter_card":"summary_large_image","twitter_misc":{"Tiempo de lectura":"3 minutos"},"schema":{"@context":"https:\/\/schema.org","@graph":[{"@type":"WebPage","@id":"https:\/\/www.dejonglelies.nl\/es\/sobre-nosotros\/","url":"https:\/\/www.dejonglelies.nl\/es\/sobre-nosotros\/","name":"Sobre nosotros - De Jong Lelies","isPartOf":{"@id":"https:\/\/dejonglelies.nl\/#website"},"primaryImageOfPage":{"@id":"https:\/\/www.dejonglelies.nl\/es\/sobre-nosotros\/#primaryimage"},"image":{"@id":"https:\/\/www.dejonglelies.nl\/es\/sobre-nosotros\/#primaryimage"},"thumbnailUrl":"https:\/\/dejonglelies.nl\/wp-content\/uploads\/2025\/05\/lelies-575x1024.png","datePublished":"2019-03-18T14:57:56+00:00","dateModified":"2025-05-02T11:51:09+00:00","breadcrumb":{"@id":"https:\/\/www.dejonglelies.nl\/es\/sobre-nosotros\/#breadcrumb"},"inLanguage":"es","potentialAction":[{"@type":"ReadAction","target":["https:\/\/www.dejonglelies.nl\/es\/sobre-nosotros\/"]}]},{"@type":"ImageObject","inLanguage":"es","@id":"https:\/\/www.dejonglelies.nl\/es\/sobre-nosotros\/#primaryimage","url":"https:\/\/dejonglelies.nl\/wp-content\/uploads\/2025\/05\/lelies-575x1024.png","contentUrl":"https:\/\/dejonglelies.nl\/wp-content\/uploads\/2025\/05\/lelies-575x1024.png"},{"@type":"BreadcrumbList","@id":"https:\/\/www.dejonglelies.nl\/es\/sobre-nosotros\/#breadcrumb","itemListElement":[{"@type":"ListItem","position":1,"name":"De vuelta a casa","item":"https:\/\/dejonglelies.nl\/es\/"},{"@type":"ListItem","position":2,"name":"Sobre nosotros"}]},{"@type":"WebSite","@id":"https:\/\/dejonglelies.nl\/#website","url":"https:\/\/dejonglelies.nl\/","name":"De Jong Lelies","description":"","potentialAction":[{"@type":"SearchAction","target":{"@type":"EntryPoint","urlTemplate":"https:\/\/dejonglelies.nl\/?s={search_term_string}"},"query-input":{"@type":"PropertyValueSpecification","valueRequired":true,"valueName":"search_term_string"}}],"inLanguage":"es"}]}},"_links":{"self":[{"href":"https:\/\/dejonglelies.nl\/es\/wp-json\/wp\/v2\/pages\/386","targetHints":{"allow":["GET"]}}],"collection":[{"href":"https:\/\/dejonglelies.nl\/es\/wp-json\/wp\/v2\/pages"}],"about":[{"href":"https:\/\/dejonglelies.nl\/es\/wp-json\/wp\/v2\/types\/page"}],"author":[{"embeddable":true,"href":"https:\/\/dejonglelies.nl\/es\/wp-json\/wp\/v2\/users\/4"}],"replies":[{"embeddable":true,"href":"https:\/\/dejonglelies.nl\/es\/wp-json\/wp\/v2\/comments?post=386"}],"version-history":[{"count":16,"href":"https:\/\/dejonglelies.nl\/es\/wp-json\/wp\/v2\/pages\/386\/revisions"}],"predecessor-version":[{"id":19346,"href":"https:\/\/dejonglelies.nl\/es\/wp-json\/wp\/v2\/pages\/386\/revisions\/19346"}],"wp:attachment":[{"href":"https:\/\/dejonglelies.nl\/es\/wp-json\/wp\/v2\/media?parent=386"}],"curies":[{"name":"wp","href":"https:\/\/api.w.org\/{rel}","templated":true}]}}