{"id":12414,"date":"2019-08-09T09:51:59","date_gmt":"2019-08-09T09:51:59","guid":{"rendered":"https:\/\/djl.onlineskills.nl\/geschiedenis\/"},"modified":"2021-06-08T11:17:23","modified_gmt":"2021-06-08T09:17:23","slug":"historia","status":"publish","type":"page","link":"https:\/\/dejonglelies.nl\/es\/historia\/","title":{"rendered":"Historia"},"content":{"rendered":"<div class=\"wpb-content-wrapper\"><p>[vc_row full_width=\u00bbstretch_row\u00bb parallax=\u00bbcontent-moving\u00bb overlay=\u00bboverlay\u00bb css=\u00bb.vc_custom_1574071173688{padding-top: 260px !important;padding-bottom: 150px !important;background-image: url(https:\/\/djl.onlineskills.nl\/wp-content\/uploads\/2019\/11\/191031_130.jpg?id=12508) !important;background-position: center;background-repeat: no-repeat !important;background-size: cover !important;}\u00bb][vc_column width=\u00bb1\/2&#8243;]\n            <div class=\"heading\">\n                <h3 class=\"text-white\">Historia<\/h3>\n                <h2 class=\"text-white\">El cultivo del lirio est\u00e1 en nuestros genes.<\/h2>\n            <\/div>\n        [\/vc_column][vc_column width=\u00bb1\/2&#8243;][\/vc_column][\/vc_row][vc_row css=\u00bb.vc_custom_1553855234013{padding-top: 100px !important;padding-bottom: 100px !important;}\u00bb][vc_column width=\u00bb1\/2&#8243;]\n            <div class=\"heading\">\n                <h3 class=\"\">Experimenta con las posibilidades<\/h3>\n                <h2 class=\"\">El fundador Klaas de Jong fue un pionero el cultivo de lirios<\/h2>\n            <\/div>\n        [\/vc_column][vc_column width=\u00bb1\/2&#8243;][\/vc_column][\/vc_row][vc_row full_width=\u00bbstretch_row_content_no_spaces\u00bb content_placement=\u00bbmiddle\u00bb overlay=\u00bb\u00bb][vc_column width=\u00bb1\/2&#8243; css=\u00bb.vc_custom_1553524660285{padding-right: 50px !important;}\u00bb el_class=\u00bbno-padding\u00bb]\n                <div class=\"link-block wow animated fadeInUp \">\n                    \n                    <div class=\"overlay\"><\/div>\n                    <div class=\"thumb\" style=\"background-image: url(https:\/\/dejonglelies.nl\/wp-content\/uploads\/2019\/11\/191031_27.jpg);\"><\/div>\n                <\/div>\n            [\/vc_column][vc_column width=\u00bb1\/2&#8243; css=\u00bb.vc_custom_1553524664466{padding-left: 50px !important;}\u00bb el_class=\u00bbno-padding\u00bb][vc_column_text css=\u00bb.vc_custom_1567691682604{margin-top: 50px !important;margin-bottom: 50px !important;padding-right: 20% !important;}\u00bb]Klaas de Jong (1925-2007) fue el fundador de la actual empresa De Jong Lelies. Fue un pionero cuando, en los a\u00f1os 60 del siglo pasado, experimentaba con el cultivo de lirios en Holanda. Cultivar, recolectar, tratar, conservar, cultivar en invernaderos; estos conocimientos todav\u00eda no estaban disponibles, por lo que \u00e9l tuvo que averiguarlo todo por s\u00ed mismo.<\/p>\n<p><strong>Importaci\u00f3n desde Oreg\u00f3n<\/strong><\/p>\n<p>De Jong trajo el producto de Jap\u00f3n y los Estados Unidos de Am\u00e9rica. Desde Andijk, viaj\u00f3, entre otros lugares, a Gresham, en donde conoci\u00f3 al experto en lirios Jan de Graaff, de la Oregon Bulb Farm. Esta visita result\u00f3 en una colaboraci\u00f3n muy exitosa: la importaci\u00f3n exclusiva de bulbos de lirio desde el estado estadounidense de Oreg\u00f3n a Holanda. Estos bulbos se vend\u00edan desde Andijk y se distribu\u00edan a invernaderos en Holanda y, posteriormente, a otros pa\u00edses europeos.<\/p>\n<p>Al mismo tiempo, De Jong empez\u00f3 a cultivar \u00e9l mismo bulbos y a crear su propio programa de <a href=\"\/es\/fitomejoramiento\/\"><u>fitomejoramiento<\/u>.<\/a> \u00abMona\u00bb, \u00abSarina\u00bb y \u00abLorina\u00bb son variedades que \u00e9l desarroll\u00f3. A partir de ese momento, hizo lo que De Jong Lelies sigue haciendo hoy en d\u00eda: dedicarse al fitomejoramiento, cultivo, almacenamiento y comercio a nivel internacional de bulbos de lirios de alta calidad[\/vc_column_text][\/vc_column][\/vc_row][vc_row full_width=\u00bbstretch_row_content_no_spaces\u00bb content_placement=\u00bbmiddle\u00bb overlay=\u00bb\u00bb css=\u00bb.vc_custom_1565595620540{margin-top: 20px !important;}\u00bb][vc_column width=\u00bb1\/2&#8243; css=\u00bb.vc_custom_1553524664466{padding-left: 50px !important;}\u00bb el_class=\u00bbno-padding\u00bb][vc_column_text css=\u00bb.vc_custom_1567691808869{margin-top: 50px !important;margin-bottom: 50px !important;padding-right: 20% !important;}\u00bb]Debido a la ausencia de miembros de la familia De Jong que se hicieran cargo de la empresa, esta se traspas\u00f3 en 1987 a dos de los trabajadores. Marcel Kroezen y Wijnand van der Kooij tuvieron el honor de continuar el desarrollo de la empresa con los cargos de director comercial y director t\u00e9cnico, respectivamente. Se invirti\u00f3 en c\u00e1maras frigor\u00edficas, invernaderos, un laboratorio y cadenas de embalaje y tratamiento. En 1995, la empresa comenz\u00f3 con el cultivo en Nueva Zelanda y en 2003 se fund\u00f3 la De Jong Lelies Australi\u00eb Pty. Ltd.<\/p>\n<p>&nbsp;<\/p>\n<p>La empresa crec\u00eda persistentemente, de modo que en el a\u00f1o 2011 se invirti\u00f3 en una segunda filial en Andijk. Tres a\u00f1os despu\u00e9s, el 1 de enero de 2014, se efectu\u00f3 la absorci\u00f3n de Ruiter Bloembollen, lo que supuso un paso importante en la profesionalizaci\u00f3n de nuestras <a href=\"\/es\/cultivo\/\"><u>actividades de cultivo<\/u><\/a>.<\/p>\n<p><strong>Equipo de direcci\u00f3n actual<\/strong><\/p>\n<p>Poco despu\u00e9s, el 5 de enero de 2014, falleci\u00f3 Marcel Kroezen. El Sr. Kroezen desempe\u00f1\u00f3 un papel muy importante en lo que respecta a De Jong Lelies en su forma actual. Michiel Ruiter asumi\u00f3 el cargo de director comercial. \u00c9l, Wijnand van der Kooij y el hijo de este, Remco van der Kooij, forman el actual <u>equipo de direcci\u00f3n<\/u> de De Jong Lelies.[\/vc_column_text][\/vc_column][vc_column width=\u00bb1\/2&#8243; css=\u00bb.vc_custom_1553524660285{padding-right: 50px !important;}\u00bb el_class=\u00bbno-padding\u00bb]\n                <div class=\"link-block wow animated fadeInUp link-block-small\">\n                    Transmisi\u00f3n de la empresa\n                    <div class=\"overlay\"><\/div>\n                    <div class=\"thumb\" style=\"background-image: url(https:\/\/dejonglelies.nl\/wp-content\/uploads\/2019\/04\/samenwerking.jpg);\"><\/div>\n                <\/div>\n            [\/vc_column][\/vc_row][vc_row css=\u00bb.vc_custom_1553854162262{padding-top: 100px !important;padding-bottom: 100px !important;}\u00bb][vc_column]\n            <div class=\"heading\">\n                <h3 class=\"\">De Jong Lelies<\/h3>\n                <h2 class=\"\">\u201cCon 1700 paneles solares conseguimos cubrir gran parte de nuestras necesidades energ\u00e9ticas de manera sostenible\u201d<\/h2>\n            <\/div>\n        [\/vc_column][\/vc_row][vc_row full_width=\u00bbstretch_row_content_no_spaces\u00bb content_placement=\u00bbtop\u00bb][vc_column width=\u00bb1\/2&#8243; css=\u00bb.vc_custom_1553524660285{padding-right: 50px !important;}\u00bb el_class=\u00bbno-padding\u00bb]\n                <div class=\"link-block wow animated fadeInUp \">\n                    Paneles solares\n                    <div class=\"\"><\/div>\n                    <div class=\"thumb\" style=\"background-image: url(https:\/\/dejonglelies.nl\/wp-content\/uploads\/2019\/04\/19417330_714633872071412_8636451451544268286_o.jpg);\"><\/div>\n                <\/div>\n            [\/vc_column][vc_column width=\u00bb1\/2&#8243; css=\u00bb.vc_custom_1553524664466{padding-left: 50px !important;}\u00bb el_class=\u00bbno-padding\u00bb][vc_column_text css=\u00bb.vc_custom_1567690890239{margin-bottom: 50px !important;padding-right: 20% !important;}\u00bb]Cuidar el producto y el entorno de este es, seg\u00fan De Jong Lelies, una combinaci\u00f3n l\u00f3gica. El ahorro energ\u00e9tico es, tambi\u00e9n, un tema importante. En el oto\u00f1o de 2018, hicimos una inversi\u00f3n en 1700 paneles solares en una de nuestras instalaciones. As\u00ed conseguimos autoabastecernos en gran medida, en lo que se refiere a necesidades energ\u00e9ticas.[\/vc_column_text]\n                <div class=\"link-block wow animated fadeInUp link-block-small\">\n                    \n                    <div class=\"\"><\/div>\n                    <div class=\"thumb\" style=\"background-image: url(https:\/\/dejonglelies.nl\/wp-content\/uploads\/2019\/11\/191031_67.jpg);\"><\/div>\n                <\/div>\n            [vc_empty_space height=\u00bb20px\u00bb][vc_column_text css=\u00bb.vc_custom_1567690921536{margin-top: 10px !important;margin-bottom: 50px !important;padding-right: 20% !important;}\u00bb]La inversi\u00f3n m\u00e1s reciente es la ampliaci\u00f3n y renovaci\u00f3n de nuestro complejo de invernaderos. Un total de 5700 metros cuadrados de invernaderos nos permite ahora realizar todas las actividades bajo un mismo techo: fitomejoramiento, procesos de control y exposici\u00f3n.[\/vc_column_text][\/vc_column][\/vc_row][vc_row overlay=\u00bb\u00bb css=\u00bb.vc_custom_1565609597888{padding-top: 0px !important;padding-bottom: 80px !important;}\u00bb][vc_column width=\u00bb1\/2&#8243;][vc_column_text]<strong>\u00a1Gracias a nuestros trabajadores!<\/strong><\/p>\n<p>Por \u00faltimo, pero no por eso menos importante, invertimos incesantemente en nuestros <a href=\"https:\/\/www.youtube.com\/watch?v=7sDEbck7mTE\"><u>trabajadores<\/u>.<\/a> Ellos son la fuerza que impulsa nuestra organizaci\u00f3n. Su profesionalidad, curiosidad, conocimientos, meticulosidad y dedicaci\u00f3n son determinantes para el \u00e9xito de De Jong Lelies, y, gracias a ellos, podemos dedicarnos, incesantemente, a la innovaci\u00f3n y mejora del mercado de los lirios.[\/vc_column_text][\/vc_column][vc_column width=\u00bb1\/2&#8243;][\/vc_column][\/vc_row][vc_row full_width=\u00bbstretch_row_content_no_spaces\u00bb][vc_column width=\u00bb1\/3&#8243;][\/vc_column][vc_column width=\u00bb2\/3&#8243;]\n            <div class=\"call-to-action blauw-4\">\n                <a href=\"http:\/\/es\/contacto\/\">\n                    <h4>De Jong Lelies<\/h4>\n                    <h3>Contact<\/h3>\n                <\/a>\n            <\/div>\n        [\/vc_column][\/vc_row]<\/p>\n<\/div>","protected":false},"excerpt":{"rendered":"<p>[vc_row full_width=\u00bbstretch_row\u00bb parallax=\u00bbcontent-moving\u00bb overlay=\u00bboverlay\u00bb css=\u00bb.vc_custom_1574071173688{padding-top: 260px !important;padding-bottom: 150px !important;background-image: url(https:\/\/djl.onlineskills.nl\/wp-content\/uploads\/2019\/11\/191031_130.jpg?id=12508) !important;background-position: center;background-repeat: no-repeat !important;background-size: cover !important;}\u00bb][vc_column width=\u00bb1\/2&#8243;][\/vc_column][vc_column width=\u00bb1\/2&#8243;][\/vc_column][\/vc_row][vc_row css=\u00bb.vc_custom_1553855234013{padding-top: 100px !important;padding-bottom: 100px !important;}\u00bb][vc_column width=\u00bb1\/2&#8243;][\/vc_column][vc_column width=\u00bb1\/2&#8243;][\/vc_column][\/vc_row][vc_row full_width=\u00bbstretch_row_content_no_spaces\u00bb content_placement=\u00bbmiddle\u00bb overlay=\u00bb\u00bb][vc_column width=\u00bb1\/2&#8243; css=\u00bb.vc_custom_1553524660285{padding-right: 50px !important;}\u00bb el_class=\u00bbno-padding\u00bb][\/vc_column][vc_column width=\u00bb1\/2&#8243; css=\u00bb.vc_custom_1553524664466{padding-left: 50px !important;}\u00bb el_class=\u00bbno-padding\u00bb][vc_column_text css=\u00bb.vc_custom_1567691682604{margin-top: 50px !important;margin-bottom: 50px !important;padding-right: 20% !important;}\u00bb]Klaas de Jong (1925-2007) fue el fundador de la actual empresa [&hellip;]<\/p>\n","protected":false},"author":4,"featured_media":0,"parent":0,"menu_order":0,"comment_status":"closed","ping_status":"closed","template":"","meta":{"_acf_changed":false,"footnotes":""},"class_list":["post-12414","page","type-page","status-publish","hentry"],"acf":[],"yoast_head":"<!-- This site is optimized with the Yoast SEO plugin v27.3 - https:\/\/yoast.com\/product\/yoast-seo-wordpress\/ -->\n<title>Historia - De Jong Lelies<\/title>\n<meta name=\"robots\" content=\"index, follow, max-snippet:-1, max-image-preview:large, max-video-preview:-1\" \/>\n<link rel=\"canonical\" href=\"https:\/\/www.dejonglelies.nl\/es\/historia\/\" \/>\n<meta property=\"og:locale\" content=\"es_ES\" \/>\n<meta property=\"og:type\" content=\"article\" \/>\n<meta property=\"og:title\" content=\"Historia - De Jong Lelies\" \/>\n<meta property=\"og:description\" content=\"[vc_row full_width=\u00bbstretch_row\u00bb parallax=\u00bbcontent-moving\u00bb overlay=\u00bboverlay\u00bb css=\u00bb.vc_custom_1574071173688{padding-top: 260px !important;padding-bottom: 150px !important;background-image: url(https:\/\/djl.onlineskills.nl\/wp-content\/uploads\/2019\/11\/191031_130.jpg?id=12508) !important;background-position: center;background-repeat: no-repeat !important;background-size: cover !important;}\u00bb][vc_column width=\u00bb1\/2&#8243;][\/vc_column][vc_column width=\u00bb1\/2&#8243;][\/vc_column][\/vc_row][vc_row css=\u00bb.vc_custom_1553855234013{padding-top: 100px !important;padding-bottom: 100px !important;}\u00bb][vc_column width=\u00bb1\/2&#8243;][\/vc_column][vc_column width=\u00bb1\/2&#8243;][\/vc_column][\/vc_row][vc_row full_width=\u00bbstretch_row_content_no_spaces\u00bb content_placement=\u00bbmiddle\u00bb overlay=\u00bb\u00bb][vc_column width=\u00bb1\/2&#8243; css=\u00bb.vc_custom_1553524660285{padding-right: 50px !important;}\u00bb el_class=\u00bbno-padding\u00bb][\/vc_column][vc_column width=\u00bb1\/2&#8243; css=\u00bb.vc_custom_1553524664466{padding-left: 50px !important;}\u00bb el_class=\u00bbno-padding\u00bb][vc_column_text css=\u00bb.vc_custom_1567691682604{margin-top: 50px !important;margin-bottom: 50px !important;padding-right: 20% !important;}\u00bb]Klaas de Jong (1925-2007) fue el fundador de la actual empresa [&hellip;]\" \/>\n<meta property=\"og:url\" content=\"https:\/\/www.dejonglelies.nl\/es\/historia\/\" \/>\n<meta property=\"og:site_name\" content=\"De Jong Lelies\" \/>\n<meta property=\"article:modified_time\" content=\"2021-06-08T09:17:23+00:00\" \/>\n<meta name=\"twitter:card\" content=\"summary_large_image\" \/>\n<meta name=\"twitter:label1\" content=\"Tiempo de lectura\" \/>\n\t<meta name=\"twitter:data1\" content=\"5 minutos\" \/>\n<script type=\"application\/ld+json\" class=\"yoast-schema-graph\">{\"@context\":\"https:\\\/\\\/schema.org\",\"@graph\":[{\"@type\":\"WebPage\",\"@id\":\"https:\\\/\\\/www.dejonglelies.nl\\\/es\\\/historia\\\/\",\"url\":\"https:\\\/\\\/www.dejonglelies.nl\\\/es\\\/historia\\\/\",\"name\":\"Historia - De Jong Lelies\",\"isPartOf\":{\"@id\":\"https:\\\/\\\/www.dejonglelies.nl\\\/#website\"},\"datePublished\":\"2019-08-09T09:51:59+00:00\",\"dateModified\":\"2021-06-08T09:17:23+00:00\",\"breadcrumb\":{\"@id\":\"https:\\\/\\\/www.dejonglelies.nl\\\/es\\\/historia\\\/#breadcrumb\"},\"inLanguage\":\"es\",\"potentialAction\":[{\"@type\":\"ReadAction\",\"target\":[\"https:\\\/\\\/www.dejonglelies.nl\\\/es\\\/historia\\\/\"]}]},{\"@type\":\"BreadcrumbList\",\"@id\":\"https:\\\/\\\/www.dejonglelies.nl\\\/es\\\/historia\\\/#breadcrumb\",\"itemListElement\":[{\"@type\":\"ListItem\",\"position\":1,\"name\":\"De vuelta a casa\",\"item\":\"https:\\\/\\\/www.dejonglelies.nl\\\/es\\\/\"},{\"@type\":\"ListItem\",\"position\":2,\"name\":\"Historia\"}]},{\"@type\":\"WebSite\",\"@id\":\"https:\\\/\\\/www.dejonglelies.nl\\\/#website\",\"url\":\"https:\\\/\\\/www.dejonglelies.nl\\\/\",\"name\":\"De Jong Lelies\",\"description\":\"\",\"potentialAction\":[{\"@type\":\"SearchAction\",\"target\":{\"@type\":\"EntryPoint\",\"urlTemplate\":\"https:\\\/\\\/www.dejonglelies.nl\\\/?s={search_term_string}\"},\"query-input\":{\"@type\":\"PropertyValueSpecification\",\"valueRequired\":true,\"valueName\":\"search_term_string\"}}],\"inLanguage\":\"es\"}]}<\/script>\n<!-- \/ Yoast SEO plugin. -->","yoast_head_json":{"title":"Historia - De Jong Lelies","robots":{"index":"index","follow":"follow","max-snippet":"max-snippet:-1","max-image-preview":"max-image-preview:large","max-video-preview":"max-video-preview:-1"},"canonical":"https:\/\/www.dejonglelies.nl\/es\/historia\/","og_locale":"es_ES","og_type":"article","og_title":"Historia - De Jong Lelies","og_description":"[vc_row full_width=\u00bbstretch_row\u00bb parallax=\u00bbcontent-moving\u00bb overlay=\u00bboverlay\u00bb css=\u00bb.vc_custom_1574071173688{padding-top: 260px !important;padding-bottom: 150px !important;background-image: url(https:\/\/djl.onlineskills.nl\/wp-content\/uploads\/2019\/11\/191031_130.jpg?id=12508) !important;background-position: center;background-repeat: no-repeat !important;background-size: cover !important;}\u00bb][vc_column width=\u00bb1\/2&#8243;][\/vc_column][vc_column width=\u00bb1\/2&#8243;][\/vc_column][\/vc_row][vc_row css=\u00bb.vc_custom_1553855234013{padding-top: 100px !important;padding-bottom: 100px !important;}\u00bb][vc_column width=\u00bb1\/2&#8243;][\/vc_column][vc_column width=\u00bb1\/2&#8243;][\/vc_column][\/vc_row][vc_row full_width=\u00bbstretch_row_content_no_spaces\u00bb content_placement=\u00bbmiddle\u00bb overlay=\u00bb\u00bb][vc_column width=\u00bb1\/2&#8243; css=\u00bb.vc_custom_1553524660285{padding-right: 50px !important;}\u00bb el_class=\u00bbno-padding\u00bb][\/vc_column][vc_column width=\u00bb1\/2&#8243; css=\u00bb.vc_custom_1553524664466{padding-left: 50px !important;}\u00bb el_class=\u00bbno-padding\u00bb][vc_column_text css=\u00bb.vc_custom_1567691682604{margin-top: 50px !important;margin-bottom: 50px !important;padding-right: 20% !important;}\u00bb]Klaas de Jong (1925-2007) fue el fundador de la actual empresa [&hellip;]","og_url":"https:\/\/www.dejonglelies.nl\/es\/historia\/","og_site_name":"De Jong Lelies","article_modified_time":"2021-06-08T09:17:23+00:00","twitter_card":"summary_large_image","twitter_misc":{"Tiempo de lectura":"5 minutos"},"schema":{"@context":"https:\/\/schema.org","@graph":[{"@type":"WebPage","@id":"https:\/\/www.dejonglelies.nl\/es\/historia\/","url":"https:\/\/www.dejonglelies.nl\/es\/historia\/","name":"Historia - De Jong Lelies","isPartOf":{"@id":"https:\/\/www.dejonglelies.nl\/#website"},"datePublished":"2019-08-09T09:51:59+00:00","dateModified":"2021-06-08T09:17:23+00:00","breadcrumb":{"@id":"https:\/\/www.dejonglelies.nl\/es\/historia\/#breadcrumb"},"inLanguage":"es","potentialAction":[{"@type":"ReadAction","target":["https:\/\/www.dejonglelies.nl\/es\/historia\/"]}]},{"@type":"BreadcrumbList","@id":"https:\/\/www.dejonglelies.nl\/es\/historia\/#breadcrumb","itemListElement":[{"@type":"ListItem","position":1,"name":"De vuelta a casa","item":"https:\/\/www.dejonglelies.nl\/es\/"},{"@type":"ListItem","position":2,"name":"Historia"}]},{"@type":"WebSite","@id":"https:\/\/www.dejonglelies.nl\/#website","url":"https:\/\/www.dejonglelies.nl\/","name":"De Jong Lelies","description":"","potentialAction":[{"@type":"SearchAction","target":{"@type":"EntryPoint","urlTemplate":"https:\/\/www.dejonglelies.nl\/?s={search_term_string}"},"query-input":{"@type":"PropertyValueSpecification","valueRequired":true,"valueName":"search_term_string"}}],"inLanguage":"es"}]}},"_links":{"self":[{"href":"https:\/\/dejonglelies.nl\/es\/wp-json\/wp\/v2\/pages\/12414","targetHints":{"allow":["GET"]}}],"collection":[{"href":"https:\/\/dejonglelies.nl\/es\/wp-json\/wp\/v2\/pages"}],"about":[{"href":"https:\/\/dejonglelies.nl\/es\/wp-json\/wp\/v2\/types\/page"}],"author":[{"embeddable":true,"href":"https:\/\/dejonglelies.nl\/es\/wp-json\/wp\/v2\/users\/4"}],"replies":[{"embeddable":true,"href":"https:\/\/dejonglelies.nl\/es\/wp-json\/wp\/v2\/comments?post=12414"}],"version-history":[{"count":21,"href":"https:\/\/dejonglelies.nl\/es\/wp-json\/wp\/v2\/pages\/12414\/revisions"}],"predecessor-version":[{"id":12525,"href":"https:\/\/dejonglelies.nl\/es\/wp-json\/wp\/v2\/pages\/12414\/revisions\/12525"}],"wp:attachment":[{"href":"https:\/\/dejonglelies.nl\/es\/wp-json\/wp\/v2\/media?parent=12414"}],"curies":[{"name":"wp","href":"https:\/\/api.w.org\/{rel}","templated":true}]}}