{"id":12401,"date":"2019-08-12T11:36:05","date_gmt":"2019-08-12T11:36:05","guid":{"rendered":"https:\/\/djl.onlineskills.nl\/export\/"},"modified":"2025-05-02T13:10:52","modified_gmt":"2025-05-02T11:10:52","slug":"export","status":"publish","type":"page","link":"https:\/\/dejonglelies.nl\/es\/export\/","title":{"rendered":"Exportaci\u00f3n"},"content":{"rendered":"<div class=\"wpb-content-wrapper\"><p>[vc_row full_width=\u00bbstretch_row\u00bb parallax=\u00bbcontent-moving\u00bb overlay=\u00bb\u00bb css=\u00bb.vc_custom_1746184186265{padding-top: 360px !important;padding-bottom: 250px !important;background-image: url(https:\/\/dejonglelies.nl\/wp-content\/uploads\/2025\/05\/DJL-Bedrijf-47-scaled-e1746183189419.jpg?id=19308) !important;background-position: center;background-repeat: no-repeat !important;background-size: cover !important;}\u00bb][vc_column width=\u00bb1\/2&#8243;]\n            <div class=\"heading\">\n                <h3 class=\"text-white\"><\/h3>\n                <h2 class=\"text-white\">Exportaci\u00f3n<\/h2>\n            <\/div>\n        [\/vc_column][vc_column width=\u00bb1\/2&#8243;][\/vc_column][\/vc_row][vc_row overlay=\u00bb\u00bb css=\u00bb.vc_custom_1565610588991{padding-top: 100px !important;padding-bottom: 80px !important;}\u00bb][vc_column width=\u00bb2\/3&#8243;]\n            <div class=\"heading\">\n                <h3 class=\"\">Exportaci\u00f3n<\/h3>\n                <h2 class=\"\">``Para nosotros, el contacto en persona es muy importante, ya que as\u00ed podemos compartir mejor nuestros conocimientos y nuestra pericia con los clientes``<\/h2>\n            <\/div>\n        [\/vc_column][vc_column width=\u00bb1\/3&#8243;][\/vc_column][\/vc_row][vc_row full_width=\u00bbstretch_row_content_no_spaces\u00bb content_placement=\u00bbmiddle\u00bb overlay=\u00bb\u00bb css=\u00bb.vc_custom_1565621169659{margin-bottom: 50px !important;}\u00bb][vc_column width=\u00bb1\/2&#8243; css=\u00bb.vc_custom_1553524660285{padding-right: 50px !important;}\u00bb el_class=\u00bbno-padding\u00bb]\n                <div class=\"link-block wow animated fadeInUp \">\n                    \n                    <div class=\"overlay\"><\/div>\n                    <div class=\"thumb\" style=\"background-image: url(https:\/\/dejonglelies.nl\/wp-content\/uploads\/2025\/05\/Sfeerbeelden-DJL-Bedrijf-4-scaled.jpg);\"><\/div>\n                <\/div>\n            [\/vc_column][vc_column width=\u00bb1\/2&#8243; css=\u00bb.vc_custom_1553524664466{padding-left: 50px !important;}\u00bb el_class=\u00bbno-padding\u00bb][vc_column_text css=\u00bb.vc_custom_1567608721574{margin-top: 50px !important;margin-bottom: 20px !important;padding-right: 20% !important;}\u00bb]Con un surtido amplio y \u00fanico, aspiramos a hacer disfrutar al mundo de nuestros lirios. De modo que, desde nuestras modernas instalaciones en Andijk (Holanda), exportamos una excelente calidad de bulbos de lirios a floricultores e importadores de bulbos por todo el mundo.<\/p>\n<p><strong>Clientes en m\u00e1s de 50 pa\u00edses<\/strong><\/p>\n<p>Exportamos a m\u00e1s de cincuenta pa\u00edses por todo el mundo. Proveer a clientes en mercados, digamos, lejanos es, adem\u00e1s, una especialidad de De Jong Lelies. Australia, Asia, Am\u00e9rica del Norte y Am\u00e9rica del Sur son nuestros destinos de exportaci\u00f3n m\u00e1s importantes. No perdemos de vista a los mercados emergentes como son Vietnam y China.<\/p>\n<p>En Australia, De Jong Lelies tiene instalaciones propias. Los bulbos de lirio, que normalmente se empaquetan en serr\u00edn de turba, se env\u00edan \u00abdesnudos\u00bb a estas instalaciones y se empaquetan all\u00ed. Australia no permite la importaci\u00f3n de serr\u00edn de turba. Para todos los destinos de la exportaci\u00f3n, De Jong Lelies tiene empleados comerciales expertos. Los comerciales se esfuerzan en visitar de una a tres veces al a\u00f1o a nuestros clientes[\/vc_column_text]\n            <div class=\"text-left\">\n                <a class=\"btn btn-primary  \" href=\"http:\/\/es\/contacto\/\">\n                    Este es nuestro equipo de ventas\n                <\/a>\n            <\/div>\n        [\/vc_column][\/vc_row][vc_row full_width=\u00bbstretch_row_content_no_spaces\u00bb content_placement=\u00bbtop\u00bb overlay=\u00bb\u00bb css=\u00bb.vc_custom_1565610337561{margin-top: 20px !important;}\u00bb][vc_column width=\u00bb1\/2&#8243; css=\u00bb.vc_custom_1565610214713{padding-right: 50px !important;}\u00bb el_class=\u00bbno-padding\u00bb][vc_column_text css=\u00bb.vc_custom_1567608816071{margin-top: 50px !important;margin-bottom: 50px !important;padding-left: 20% !important;}\u00bb]Para nosotros, el contacto en persona es muy importante. Esto nos permite seguir de cerca la evoluci\u00f3n de todo lo que afecta a nuestra empresa y ver lo que pasa con nuestros lirios a nivel local. Nuestros comerciales aportan ideas a nuestros clientes y les apoyan con sus conocimientos a la hora de tomar decisiones sobre el cultivo o surtido. El apoyo a los clientes va mucho m\u00e1s all\u00e1 que el proceso de venta en s\u00ed. Compartimos nuestros conocimientos y pericia con nuestros clientes.[\/vc_column_text]\n                <div class=\"link-block wow animated fadeInUp \">\n                    Un producto fresco durante todo el a\u00f1o\n                    <div class=\"overlay\"><\/div>\n                    <div class=\"thumb\" style=\"background-image: url(https:\/\/dejonglelies.nl\/wp-content\/uploads\/2025\/05\/DJL-Bedrijf-2-scaled.jpg);\"><\/div>\n                <\/div>\n            [vc_column_text css=\u00bb.vc_custom_1567609906172{margin-top: 50px !important;margin-bottom: 50px !important;padding-left: 20% !important;}\u00bb]Los clientes valoran el alto grado de fiabilidad, la singularidad y el contacto en persona que ofrece De Jong Lelies. \u00bfC\u00f3mo conseguimos suministrar a nuestros clientes un producto fresco durante todo el a\u00f1o? <a href=\"https:\/\/djl.onlineskills.nl\/es\/cultivo\/\"><u>Seleccionamos<\/u><\/a> las mejores variedades, <a href=\"https:\/\/djl.onlineskills.nl\/es\/veredeling\/\"><u>las multiplicamos<\/u>\u00a0<\/a> con el m\u00e1ximo cuidado, tanto en Holanda como en Nueva Zelanda, y los lirios que compramos proceden de obtentores seleccionados cuidadosamente.<\/p>\n<p>Inmediatamente despu\u00e9s de la llegada de los bulbos, se inspeccionan siguiendo normas muy estrictas y, una vez han pasado la selecci\u00f3n, se desinfectan, embalan y almacenan. La temperatura y condiciones de las c\u00e1maras de almacenamiento se vigilan escrupulosamente para mantener la calidad \u00f3ptima de los bulbos durante un periodo largo de tiempo. Solo as\u00ed se podr\u00e1 garantizar al cliente la entrega de un buen producto.[\/vc_column_text][\/vc_column][vc_column width=\u00bb1\/2&#8243; css=\u00bb.vc_custom_1565610230853{padding-left: 50px !important;}\u00bb el_class=\u00bbno-padding\u00bb]\n                <div class=\"link-block wow animated fadeInUp \">\n                    Conocimientos y pericia\n                    <div class=\"overlay\"><\/div>\n                    <div class=\"thumb\" style=\"background-image: url(https:\/\/dejonglelies.nl\/wp-content\/uploads\/2025\/05\/Sfeerbeelden-DJL-Bedrijf-5-scaled.jpg);\"><\/div>\n                <\/div>\n            [\/vc_column][\/vc_row][vc_row overlay=\u00bb\u00bb css=\u00bb.vc_custom_1565610547810{padding-top: 30px !important;padding-bottom: 80px !important;}\u00bb][vc_column]\n            <div class=\"heading\">\n                <h3 class=\"\">De Jong Lelies<\/h3>\n                <h2 class=\"\">``Un proceso estricto de selecci\u00f3n, multiplicaci\u00f3n, cultivo, tratamiento y almacenamiento es garant\u00eda para un producto fresco durante todo el a\u00f1o``<\/h2>\n            <\/div>\n        [\/vc_column][\/vc_row][vc_row full_width=\u00bbstretch_row_content_no_spaces\u00bb][vc_column width=\u00bb1\/3&#8243;][\/vc_column][vc_column width=\u00bb2\/3&#8243;]\n            <div class=\"call-to-action blauw-4\">\n                <a href=\"http:\/\/es\/contacto\/\">\n                    <h4>De Jong Lelies<\/h4>\n                    <h3>Contact<\/h3>\n                <\/a>\n            <\/div>\n        [\/vc_column][\/vc_row]<\/p>\n<\/div>","protected":false},"excerpt":{"rendered":"<p>[vc_row full_width=\u00bbstretch_row\u00bb parallax=\u00bbcontent-moving\u00bb overlay=\u00bb\u00bb css=\u00bb.vc_custom_1746184186265{padding-top: 360px !important;padding-bottom: 250px !important;background-image: url(https:\/\/dejonglelies.nl\/wp-content\/uploads\/2025\/05\/DJL-Bedrijf-47-scaled-e1746183189419.jpg?id=19308) !important;background-position: center;background-repeat: no-repeat !important;background-size: cover !important;}\u00bb][vc_column width=\u00bb1\/2&#8243;][\/vc_column][vc_column width=\u00bb1\/2&#8243;][\/vc_column][\/vc_row][vc_row overlay=\u00bb\u00bb css=\u00bb.vc_custom_1565610588991{padding-top: 100px !important;padding-bottom: 80px !important;}\u00bb][vc_column width=\u00bb2\/3&#8243;][\/vc_column][vc_column width=\u00bb1\/3&#8243;][\/vc_column][\/vc_row][vc_row full_width=\u00bbstretch_row_content_no_spaces\u00bb content_placement=\u00bbmiddle\u00bb overlay=\u00bb\u00bb css=\u00bb.vc_custom_1565621169659{margin-bottom: 50px !important;}\u00bb][vc_column width=\u00bb1\/2&#8243; css=\u00bb.vc_custom_1553524660285{padding-right: 50px !important;}\u00bb el_class=\u00bbno-padding\u00bb][\/vc_column][vc_column width=\u00bb1\/2&#8243; css=\u00bb.vc_custom_1553524664466{padding-left: 50px !important;}\u00bb el_class=\u00bbno-padding\u00bb][vc_column_text css=\u00bb.vc_custom_1567608721574{margin-top: 50px !important;margin-bottom: 20px !important;padding-right: 20% !important;}\u00bb]Con un surtido amplio y \u00fanico, aspiramos [&hellip;]<\/p>\n","protected":false},"author":4,"featured_media":0,"parent":0,"menu_order":0,"comment_status":"closed","ping_status":"closed","template":"","meta":{"_acf_changed":false,"footnotes":""},"class_list":["post-12401","page","type-page","status-publish","hentry"],"acf":[],"yoast_head":"<!-- This site is optimized with the Yoast SEO plugin v27.3 - https:\/\/yoast.com\/product\/yoast-seo-wordpress\/ -->\n<title>Exportaci\u00f3n - De Jong Lelies<\/title>\n<meta name=\"robots\" content=\"index, follow, max-snippet:-1, max-image-preview:large, max-video-preview:-1\" \/>\n<link rel=\"canonical\" href=\"https:\/\/dejonglelies.nl\/es\/export\/\" \/>\n<meta property=\"og:locale\" content=\"es_ES\" \/>\n<meta property=\"og:type\" content=\"article\" \/>\n<meta property=\"og:title\" content=\"Exportaci\u00f3n - De Jong Lelies\" \/>\n<meta property=\"og:description\" content=\"[vc_row full_width=\u00bbstretch_row\u00bb parallax=\u00bbcontent-moving\u00bb overlay=\u00bb\u00bb css=\u00bb.vc_custom_1746184186265{padding-top: 360px !important;padding-bottom: 250px !important;background-image: url(https:\/\/dejonglelies.nl\/wp-content\/uploads\/2025\/05\/DJL-Bedrijf-47-scaled-e1746183189419.jpg?id=19308) !important;background-position: center;background-repeat: no-repeat !important;background-size: cover !important;}\u00bb][vc_column width=\u00bb1\/2&#8243;][\/vc_column][vc_column width=\u00bb1\/2&#8243;][\/vc_column][\/vc_row][vc_row overlay=\u00bb\u00bb css=\u00bb.vc_custom_1565610588991{padding-top: 100px !important;padding-bottom: 80px !important;}\u00bb][vc_column width=\u00bb2\/3&#8243;][\/vc_column][vc_column width=\u00bb1\/3&#8243;][\/vc_column][\/vc_row][vc_row full_width=\u00bbstretch_row_content_no_spaces\u00bb content_placement=\u00bbmiddle\u00bb overlay=\u00bb\u00bb css=\u00bb.vc_custom_1565621169659{margin-bottom: 50px !important;}\u00bb][vc_column width=\u00bb1\/2&#8243; css=\u00bb.vc_custom_1553524660285{padding-right: 50px !important;}\u00bb el_class=\u00bbno-padding\u00bb][\/vc_column][vc_column width=\u00bb1\/2&#8243; css=\u00bb.vc_custom_1553524664466{padding-left: 50px !important;}\u00bb el_class=\u00bbno-padding\u00bb][vc_column_text css=\u00bb.vc_custom_1567608721574{margin-top: 50px !important;margin-bottom: 20px !important;padding-right: 20% !important;}\u00bb]Con un surtido amplio y \u00fanico, aspiramos [&hellip;]\" \/>\n<meta property=\"og:url\" content=\"https:\/\/dejonglelies.nl\/es\/export\/\" \/>\n<meta property=\"og:site_name\" content=\"De Jong Lelies\" \/>\n<meta property=\"article:modified_time\" content=\"2025-05-02T11:10:52+00:00\" \/>\n<meta name=\"twitter:card\" content=\"summary_large_image\" \/>\n<meta name=\"twitter:label1\" content=\"Tiempo de lectura\" \/>\n\t<meta name=\"twitter:data1\" content=\"4 minutos\" \/>\n<script type=\"application\/ld+json\" class=\"yoast-schema-graph\">{\"@context\":\"https:\\\/\\\/schema.org\",\"@graph\":[{\"@type\":\"WebPage\",\"@id\":\"https:\\\/\\\/dejonglelies.nl\\\/es\\\/export\\\/\",\"url\":\"https:\\\/\\\/dejonglelies.nl\\\/es\\\/export\\\/\",\"name\":\"Exportaci\u00f3n - De Jong Lelies\",\"isPartOf\":{\"@id\":\"https:\\\/\\\/dejonglelies.nl\\\/es\\\/#website\"},\"datePublished\":\"2019-08-12T11:36:05+00:00\",\"dateModified\":\"2025-05-02T11:10:52+00:00\",\"breadcrumb\":{\"@id\":\"https:\\\/\\\/dejonglelies.nl\\\/es\\\/export\\\/#breadcrumb\"},\"inLanguage\":\"es\",\"potentialAction\":[{\"@type\":\"ReadAction\",\"target\":[\"https:\\\/\\\/dejonglelies.nl\\\/es\\\/export\\\/\"]}]},{\"@type\":\"BreadcrumbList\",\"@id\":\"https:\\\/\\\/dejonglelies.nl\\\/es\\\/export\\\/#breadcrumb\",\"itemListElement\":[{\"@type\":\"ListItem\",\"position\":1,\"name\":\"De vuelta a casa\",\"item\":\"https:\\\/\\\/dejonglelies.nl\\\/es\\\/\"},{\"@type\":\"ListItem\",\"position\":2,\"name\":\"Exportaci\u00f3n\"}]},{\"@type\":\"WebSite\",\"@id\":\"https:\\\/\\\/dejonglelies.nl\\\/es\\\/#website\",\"url\":\"https:\\\/\\\/dejonglelies.nl\\\/es\\\/\",\"name\":\"De Jong Lelies\",\"description\":\"\",\"potentialAction\":[{\"@type\":\"SearchAction\",\"target\":{\"@type\":\"EntryPoint\",\"urlTemplate\":\"https:\\\/\\\/dejonglelies.nl\\\/es\\\/?s={search_term_string}\"},\"query-input\":{\"@type\":\"PropertyValueSpecification\",\"valueRequired\":true,\"valueName\":\"search_term_string\"}}],\"inLanguage\":\"es\"}]}<\/script>\n<!-- \/ Yoast SEO plugin. -->","yoast_head_json":{"title":"Exportaci\u00f3n - De Jong Lelies","robots":{"index":"index","follow":"follow","max-snippet":"max-snippet:-1","max-image-preview":"max-image-preview:large","max-video-preview":"max-video-preview:-1"},"canonical":"https:\/\/dejonglelies.nl\/es\/export\/","og_locale":"es_ES","og_type":"article","og_title":"Exportaci\u00f3n - De Jong Lelies","og_description":"[vc_row full_width=\u00bbstretch_row\u00bb parallax=\u00bbcontent-moving\u00bb overlay=\u00bb\u00bb css=\u00bb.vc_custom_1746184186265{padding-top: 360px !important;padding-bottom: 250px !important;background-image: url(https:\/\/dejonglelies.nl\/wp-content\/uploads\/2025\/05\/DJL-Bedrijf-47-scaled-e1746183189419.jpg?id=19308) !important;background-position: center;background-repeat: no-repeat !important;background-size: cover !important;}\u00bb][vc_column width=\u00bb1\/2&#8243;][\/vc_column][vc_column width=\u00bb1\/2&#8243;][\/vc_column][\/vc_row][vc_row overlay=\u00bb\u00bb css=\u00bb.vc_custom_1565610588991{padding-top: 100px !important;padding-bottom: 80px !important;}\u00bb][vc_column width=\u00bb2\/3&#8243;][\/vc_column][vc_column width=\u00bb1\/3&#8243;][\/vc_column][\/vc_row][vc_row full_width=\u00bbstretch_row_content_no_spaces\u00bb content_placement=\u00bbmiddle\u00bb overlay=\u00bb\u00bb css=\u00bb.vc_custom_1565621169659{margin-bottom: 50px !important;}\u00bb][vc_column width=\u00bb1\/2&#8243; css=\u00bb.vc_custom_1553524660285{padding-right: 50px !important;}\u00bb el_class=\u00bbno-padding\u00bb][\/vc_column][vc_column width=\u00bb1\/2&#8243; css=\u00bb.vc_custom_1553524664466{padding-left: 50px !important;}\u00bb el_class=\u00bbno-padding\u00bb][vc_column_text css=\u00bb.vc_custom_1567608721574{margin-top: 50px !important;margin-bottom: 20px !important;padding-right: 20% !important;}\u00bb]Con un surtido amplio y \u00fanico, aspiramos [&hellip;]","og_url":"https:\/\/dejonglelies.nl\/es\/export\/","og_site_name":"De Jong Lelies","article_modified_time":"2025-05-02T11:10:52+00:00","twitter_card":"summary_large_image","twitter_misc":{"Tiempo de lectura":"4 minutos"},"schema":{"@context":"https:\/\/schema.org","@graph":[{"@type":"WebPage","@id":"https:\/\/dejonglelies.nl\/es\/export\/","url":"https:\/\/dejonglelies.nl\/es\/export\/","name":"Exportaci\u00f3n - De Jong Lelies","isPartOf":{"@id":"https:\/\/dejonglelies.nl\/es\/#website"},"datePublished":"2019-08-12T11:36:05+00:00","dateModified":"2025-05-02T11:10:52+00:00","breadcrumb":{"@id":"https:\/\/dejonglelies.nl\/es\/export\/#breadcrumb"},"inLanguage":"es","potentialAction":[{"@type":"ReadAction","target":["https:\/\/dejonglelies.nl\/es\/export\/"]}]},{"@type":"BreadcrumbList","@id":"https:\/\/dejonglelies.nl\/es\/export\/#breadcrumb","itemListElement":[{"@type":"ListItem","position":1,"name":"De vuelta a casa","item":"https:\/\/dejonglelies.nl\/es\/"},{"@type":"ListItem","position":2,"name":"Exportaci\u00f3n"}]},{"@type":"WebSite","@id":"https:\/\/dejonglelies.nl\/es\/#website","url":"https:\/\/dejonglelies.nl\/es\/","name":"De Jong Lelies","description":"","potentialAction":[{"@type":"SearchAction","target":{"@type":"EntryPoint","urlTemplate":"https:\/\/dejonglelies.nl\/es\/?s={search_term_string}"},"query-input":{"@type":"PropertyValueSpecification","valueRequired":true,"valueName":"search_term_string"}}],"inLanguage":"es"}]}},"_links":{"self":[{"href":"https:\/\/dejonglelies.nl\/es\/wp-json\/wp\/v2\/pages\/12401","targetHints":{"allow":["GET"]}}],"collection":[{"href":"https:\/\/dejonglelies.nl\/es\/wp-json\/wp\/v2\/pages"}],"about":[{"href":"https:\/\/dejonglelies.nl\/es\/wp-json\/wp\/v2\/types\/page"}],"author":[{"embeddable":true,"href":"https:\/\/dejonglelies.nl\/es\/wp-json\/wp\/v2\/users\/4"}],"replies":[{"embeddable":true,"href":"https:\/\/dejonglelies.nl\/es\/wp-json\/wp\/v2\/comments?post=12401"}],"version-history":[{"count":5,"href":"https:\/\/dejonglelies.nl\/es\/wp-json\/wp\/v2\/pages\/12401\/revisions"}],"predecessor-version":[{"id":19318,"href":"https:\/\/dejonglelies.nl\/es\/wp-json\/wp\/v2\/pages\/12401\/revisions\/19318"}],"wp:attachment":[{"href":"https:\/\/dejonglelies.nl\/es\/wp-json\/wp\/v2\/media?parent=12401"}],"curies":[{"name":"wp","href":"https:\/\/api.w.org\/{rel}","templated":true}]}}